{"id":733,"date":"2022-02-04T18:44:05","date_gmt":"2022-02-04T17:44:05","guid":{"rendered":"https:\/\/kitdigitall.es\/p\/?page_id=733"},"modified":"2022-02-14T08:48:21","modified_gmt":"2022-02-14T07:48:21","slug":"aviso-legal","status":"publish","type":"page","link":"https:\/\/kitdigitall.es\/p\/aviso-legal\/","title":{"rendered":"Aviso legal"},"content":{"rendered":"<p>En cumplimiento de la L.O. 3\/2018, de 5 de diciembre de Protecci\u00f3n de datos Personales y garant\u00eda de los derechos digitales se establece la siguiente pol\u00edtica de privacidad.<\/p>\n<p>\u00bfQui\u00e9n es el responsable del tratamiento de tus datos?<\/p>\n<p>Inversiones Factoria Kreativa S.L. B 93310845<\/p>\n<p>Domicilio: C\/ Casares, n\u00ba34, 29004, M\u00e1laga.<\/p>\n<p>Mail: info@zienideas.com<\/p>\n<p>Puedes dirigirte de cualquier forma para comunicarte con nosotros.<\/p>\n<p>Nos reservamos el derecho a modificar o adaptar la presente Pol\u00edtica de Privacidad en cualquier momento. Te recomendamos revisar la misma, y si te has registrado y accedes a tu cuenta o perfil, se te informar\u00e1 de las modificaciones.<\/p>\n<p>&nbsp;<\/p>\n<p>I. CONTACTOS DE LA WEB O DEL CORREO ELECTR\u00d3NICO<\/p>\n<p>\u00bfQu\u00e9 datos recopilamos a trav\u00e9s de la Web?<\/p>\n<p>Podemos tratar tu IP, qu\u00e9 sistema operativo o navegador usas, e incluso la duraci\u00f3n de tu visita, de forma an\u00f3nima. Si nos facilitas datos en el formulario de contacto o en el mail, te identificar\u00e1s para poder contactar contigo, en caso de que sea necesario.<\/p>\n<p>\u00bfCon que finalidades vamos a tratar tus datos personales?<\/p>\n<p>Contestar a tus consultas, solicitudes o peticiones.<br \/>\nGestionar el servicio solicitado, contestar tu solicitud, o tramitar tu petici\u00f3n.<br \/>\nInformaci\u00f3n por medios electr\u00f3nicos, que versen sobre tu solicitud.<br \/>\nInformaci\u00f3n comercial o de eventos por medios electr\u00f3nicos, siempre que exista autorizaci\u00f3n expresa.<br \/>\nRealizar an\u00e1lisis y mejoras en la Web, para mejorar nuestra estrategia comercial.<\/p>\n<p>\u00bfCu\u00e1l es la legitimaci\u00f3n para el tratamiento de tus datos?<\/p>\n<p>La aceptaci\u00f3n y consentimiento del interesado: En aquellos casos donde para realizar una solicitud sea necesario cumplimentar un formulario y hacer un \u201cclick\u201d en el bot\u00f3n de enviar, la realizaci\u00f3n del mismo implicar\u00e1 necesariamente que ha sido informado y ha otorgado expresamente su consentimiento al contenido de la cl\u00e1usula anexada a dicho formulario o aceptaci\u00f3n de la pol\u00edtica de privacidad.<\/p>\n<p>Si te pones en contacto para hacernos una petici\u00f3n, contestaremos tu solicitud.<\/p>\n<p>Todos nuestros formularios cuentan con el s\u00edmbolo* en los datos obligatorios. Si no facilitas esos campos, o no marcas el checkbox de aceptaci\u00f3n de la pol\u00edtica de privacidad, no se permitir\u00e1 el env\u00edo de la informaci\u00f3n.<\/p>\n<p>&nbsp;<\/p>\n<p>II.CONTACTOS DEL NEWSLETTER<\/p>\n<p>\u00bfQu\u00e9 datos recopilamos a trav\u00e9s del newsletter?<\/p>\n<p>En la Web, se permite suscribirse al Newsletter, si nos facilitas una direcci\u00f3n de correo electr\u00f3nico, a la que se remitir\u00e1 la misma.<\/p>\n<p>Almacenaremos \u00fanicamente tu email en nuestra base de datos, y procederemos a enviarte correos peri\u00f3dicamente, hasta que solicites la baja, o dejemos de enviar correos.<\/p>\n<p>El Newsletter puede tener Web beacon, que nos confirma estad\u00edsticamente si lo has abierto, a qu\u00e9 hora o cuantas veces. Nos vale para estudiar los mejores horarios de env\u00edo y qu\u00e9 te interesa, pero no tendremos informaci\u00f3n personal de t\u00ed, s\u00f3lo tu email.<\/p>\n<p>Adem\u00e1s, la aplicaci\u00f3n de mailing es de USA, y puede haber transferencia internacional de datos a servidores de ese pa\u00eds, pero protegida por el Privacy Shield.<\/p>\n<p>Siempre tendr\u00e1s la opci\u00f3n de darte de baja, en cualquier comunicaci\u00f3n.<\/p>\n<p>\u00bfCon que finalidades vamos a tratar tus datos personales?<\/p>\n<p>Gestionar el servicio.<br \/>\nInformaci\u00f3n por medios electr\u00f3nicos, que versen sobre tu solicitud.<br \/>\nInformaci\u00f3n comercial o de eventos por medios electr\u00f3nicos, siempre que exista autorizaci\u00f3n expresa.<br \/>\nRealizar an\u00e1lisis y mejoras en el env\u00edo de mailing, para mejorar nuestra estrategia comercial.<\/p>\n<p>\u00bfCu\u00e1l es la legitimaci\u00f3n para el tratamiento de tus datos?<\/p>\n<p>La aceptaci\u00f3n y consentimiento del interesado: En aquellos casos donde te suscribas ser\u00e1 necesario aceptar un checkbox y clicar en el bot\u00f3n de enviar. Ello implicara necesariamente que has sido informado y has otorgado expresamente tu consentimiento a la recepci\u00f3n del newsletter. Tambi\u00e9n se pueden mandar en cumplimiento de una actividad leg\u00edtima del responsable, siempre que no te opongas.<\/p>\n<p>&nbsp;<\/p>\n<p>III. CLIENTES<\/p>\n<p>\u00bfCon que finalidades vamos a tratar tus datos personales?<\/p>\n<p>Elaboraci\u00f3n de presupuesto y seguimiento del mismo mediante comunicaciones entre ambas partes.<br \/>\nInformaci\u00f3n por medios electr\u00f3nicos, que versen sobre tu solicitud.<br \/>\nInformaci\u00f3n comercial o de eventos por medios electr\u00f3nicos, cuando proceda.<br \/>\nGestionar los servicios administrativos, de comunicaciones y de log\u00edstica realizados por el Responsable.<br \/>\nRealizar las transacciones que correspondan. Facturaci\u00f3n y declaraci\u00f3n de los impuestos oportunos. Gestiones de control y recobro.<\/p>\n<p>\u00bfCu\u00e1l es la legitimaci\u00f3n para el tratamiento de tus datos?<\/p>\n<p>La base legal es tu consentimiento.<\/p>\n<p>&nbsp;<\/p>\n<p>IV. PROVEDORES.<\/p>\n<p>\u00bfCon que finalidades vamos a tratar tus datos personales?<\/p>\n<p>Informaci\u00f3n por medios electr\u00f3nicos, que versen sobre tu solicitud.<br \/>\nInformaci\u00f3n comercial o de eventos por medios electr\u00f3nicos, cuando proceda.<br \/>\nGestionar los servicios administrativos, de comunicaciones y de log\u00edstica.<br \/>\nRealizar las transacciones que correspondan. Facturaci\u00f3n y declaraci\u00f3n de los impuestos oportunos. Gestiones de control y recobro.<\/p>\n<p>\u00bfCu\u00e1l es la legitimaci\u00f3n para el tratamiento de tus datos?<\/p>\n<p>La base legal es la aceptaci\u00f3n de una relaci\u00f3n contractual, o en su defecto tu consentimiento al contactar con nosotros u ofrecernos tus productos por alguna v\u00eda.<\/p>\n<p>&nbsp;<\/p>\n<p>V. CONTACTOS REDES SOCIALES<\/p>\n<p>\u00bfCon que finalidades vamos a tratar tus datos personales?<\/p>\n<p>Contestar a tus consultas, solicitudes o peticiones.<br \/>\nGestionar el servicio solicitado, contestar tu solicitud, o tramitar tu petici\u00f3n.<br \/>\nRelacionarnos contigo y crear una comunidad de seguidores.<\/p>\n<p>\u00bfCu\u00e1l es la legitimaci\u00f3n para el tratamiento de tus datos?<\/p>\n<p>La aceptaci\u00f3n de una relaci\u00f3n contractual en el entorno de la red social que corresponda, y conforme a sus pol\u00edticas de Privacidad:<\/p>\n<p>Facebook http:\/\/www.facebook.com\/policy.php?ref=pf<\/p>\n<p>Instagram https:\/\/help.instagram.com\/155833707900388<\/p>\n<p>Twitter http:\/\/twitter.com\/privacy<\/p>\n<p>Linkedin http:\/\/www.linkedin.com\/legal\/privacy-policy?trk=hb_ft_priv<\/p>\n<p>Google* http:\/\/www.google.com\/intl\/es\/policies\/privacy\/<\/p>\n<p>*(Google+ y Youtube)<\/p>\n<p>\u00bfDurante cu\u00e1nto tiempo vamos a mantener los datos personales?<\/p>\n<p>S\u00f3lo podemos consultar o dar de baja tus datos de forma restringida al tener un perfil espec\u00edfico. Los trataremos tanto tiempo como tu nos dejes sigui\u00e9ndonos, siendo amigos o d\u00e1ndole a \u201cme gusta\u201d, \u201cseguir\u201d o botones similares.<\/p>\n<p>Cualquier rectificaci\u00f3n de tus datos o restricci\u00f3n de informaci\u00f3n o de publicaciones debes realizarla a trav\u00e9s de la configuraci\u00f3n de tu perfil o usuario en la propia red social.<\/p>\n<p>&nbsp;<\/p>\n<p>VI. VIDEOVIGILANCIA<\/p>\n<p>\u00bfCon que finalidades vamos a tratar tus datos personales?<\/p>\n<p>Videovigilancia de nuestras instalaciones.<br \/>\nControl de nuestros empleados.<br \/>\nEn ocasiones se pueden ceder a los juzgados y tribunales para el ejercicio de acciones legitimas.<\/p>\n<p>\u00bfCu\u00e1l es la legitimaci\u00f3n para el tratamiento de tus datos?<\/p>\n<p>El consentimiento inequ\u00edvoco del interesado al acceder a nuestras instalaciones tras visualizar el cartel informativo de la zona videovigilada.<\/p>\n<p>&nbsp;<\/p>\n<p>VII. DEMANDANTES DE EMPLEO<\/p>\n<p>\u00bfCon que finalidades vamos a tratar tus datos personales?<\/p>\n<p>Organizaci\u00f3n de procesos de selecci\u00f3n para la contrataci\u00f3n de empleados.<br \/>\nCitarte para entrevistas de trabajo y evaluar tu candidatura.<br \/>\nSi nos has dado tu consentimiento, podremos mantener tu CV para nuevas convocatorias de empleo.<br \/>\nSi nos has dado tu consentimiento, se lo podremos ceder a empresas colaboradoras o afines, con el \u00fanico objetivo de ayudarte a encontrar empleo.<\/p>\n<p>\u00bfCu\u00e1l es la legitimaci\u00f3n para el tratamiento de tus datos?<\/p>\n<p>La base legal es tu consentimiento inequ\u00edvoco, al entregarnos tu CV y recibir y firmar informaci\u00f3n relativa a los tratamientos que vamos a efectuar.<\/p>\n<p>CONDICIONES DEL TRATAMIENTO<\/p>\n<p>\u00bfIncluimos datos personales de terceras personas?<\/p>\n<p>No, como norma general s\u00f3lo tratamos los datos que nos facilitan los titulares. Si el nos aportas datos de terceros, deber\u00e1s con car\u00e1cter previo, informar y solicitar su consentimiento a dichas personas, o de lo contrario nos eximes de cualquier responsabilidad por el incumplimiento de este requisito.<\/p>\n<p>\u00bfY datos de menores?<\/p>\n<p>No tratamos datos de menores de 14 a\u00f1os, por tanto, abst\u00e9ngase de facilitarlos si no tiene esa edad.<\/p>\n<p>\u00bfRealizaremos comunicaciones por medios electr\u00f3nicos?<\/p>\n<p>S\u00f3lo se realizar\u00e1n para gestionar tu solicitud, si es uno de los medios de contacto que nos ha facilitado.<br \/>\nSi realizamos comunicaciones comerciales habr\u00e1n sido previa y expresamente autorizadas por t\u00ed.<br \/>\n\u00bfQu\u00e9 medidas de seguridad aplicamos?<\/p>\n<p>Puedes estar tranquilo: Hemos adoptado un nivel \u00f3ptimo de protecci\u00f3n de los Datos Personales que manejamos, y hemos instalado todos los medios y medidas t\u00e9cnicas a nuestra disposici\u00f3n seg\u00fan el estado de la tecnolog\u00eda para evitar la p\u00e9rdida, mal uso, alteraci\u00f3n, acceso no autorizado y robo de los Datos Personales.<\/p>\n<p>\u00bfA qu\u00e9 destinatarios se comunicar\u00e1n tus datos?<\/p>\n<p>Tus datos no se ceder\u00e1n a terceros, salvo obligaci\u00f3n legal. En concreto se comunicar\u00e1n a la Agencia Estatal de la Administraci\u00f3n Tributaria y a bancos y entidades financieras para el cobro del servicio prestado o producto adquirido Como a los encargados del tratamiento necesarios para la ejecuci\u00f3n del acuerdo.<\/p>\n<p>En caso de compra o pago, si eliges alguna aplicaci\u00f3n, web, plataforma, tarjeta bancaria, o alg\u00fan otro servicio online, tus datos se ceder\u00e1n a esa plataforma o se tratar\u00e1n en su entorno, siempre con la m\u00e1xima seguridad.<\/p>\n<p>Cuando se lo ordenemos, tendr\u00e1n acceso a nuestra web la empresa de desarrollo y mantenimiento web, o la de hosting. Las mismas tendr\u00e1n firmado un contrato de prestaci\u00f3n de servicios que les obliga a mantener el mismo nivel de privacidad que nosotros.<\/p>\n<p>Inversiones Factoria Kreativa es Facility Manager de varias empresas, que pueden cambiar o variar con el tiempo. Durante la relaci\u00f3n, puede ceder tus datos a alguno de las mismas con el \u00fanico \u00e1nimo de prestarte el servicio que hayas solicitado. Las empresas en la actualidad son: Axafone Telecomunicaciones, S.L., Somosocialmedia, S.L., Wedoup, S.L., Entuempresa,S.L., Acci\u00f3n Energ\u00eda Comercializadora, S.L., Tiendas Movilfone, S.L. e Inmozien, S.L.<\/p>\n<p>\u00bfQu\u00e9 Derechos tienes?<\/p>\n<p>A conocer si estamos tratando tus datos o no.<br \/>\nA acceder a tus datos personales.<br \/>\nA solicitar la rectificaci\u00f3n de tus datos si son inexactos.<br \/>\nA solicitar la supresi\u00f3n de tus datos si ya no son necesarios para los fines para los que fueron recogidos o si nos retiras el consentimiento otorgado.<br \/>\nA solicitar la limitaci\u00f3n del tratamiento de sus datos, en algunos supuestos, en cuyo caso s\u00f3lo los conservaremos de acuerdo con la normativa vigente.<br \/>\nA portar tus datos, que te ser\u00e1n facilitados en un formato estructurado, de uso com\u00fan o lectura mec\u00e1nica. Si lo prefieres, se los podemos enviar al nuevo responsable que nos designes. S\u00f3lo es v\u00e1lido en determinados supuestos.<br \/>\nA presentar una reclamaci\u00f3n ante la Agencia Espa\u00f1ola de Protecci\u00f3n de Datos, si crees que no te hemos atendido correctamente.<br \/>\nA revocar el consentimiento para cualquier tratamiento para el que hayas consentido, en cualquier momento.<br \/>\nSi modificas alg\u00fan dato, te agradecemos que nos lo comuniques para mantenerlos actualizados.<\/p>\n<p>\u00bfQuieres un formulario para el ejercicio de Derechos?<\/p>\n<p>Tenemos formularios para el ejercicio de tus derechos, p\u00eddenoslos por email o si lo prefieres, puedes usar los elaborados por la Agencia Espa\u00f1ola de Protecci\u00f3n de Datos o terceros.<br \/>\nEstos formularios deben ir firmados electr\u00f3nicamente o ser acompa\u00f1ados de fotocopia del DNI.<br \/>\nSi te representa alguien, debes adjuntarnos copia de su DNI, o que lo firme con su firma electr\u00f3nica.<br \/>\nLos formularios pueden ser presentados presencialmente, enviados por carta o por mail en la direcci\u00f3n del Responsable al inicio de este texto.<\/p>\n<p>\u00bfCu\u00e1nto tardamos en contestarte al Ejercicio de Derechos?<\/p>\n<p>Depende del derecho, pero como m\u00e1ximo en un mes desde tu solicitud, y dos meses si el tema es muy complejo y te notificamos que necesitamos m\u00e1s tiempo.<\/p>\n<p>\u00bfDurante cu\u00e1nto tiempo vamos a mantener tus datos personales?<\/p>\n<p>Los datos personales ser\u00e1n mantenidos mientras sigas vinculado con nosotros.<br \/>\nUna vez te desvincules, los datos personales tratados en cada finalidad se mantendr\u00e1n durante los plazos legalmente previstos, inclu\u00eddo el plazo en el que un juez o tribunal los pueda requerir atendiendo al plazo de prescripci\u00f3n de acciones judiciales.<br \/>\nLos datos tratados se mantendr\u00e1n en tanto no expiren los plazos legales aludidos anteriormente, si hubiera obligaci\u00f3n legal de mantenimiento, o de no existir ese plazo legal, hasta que el interesado solicite su supresi\u00f3n o revoque el consentimiento otorgado.<br \/>\nMantendremos toda la informaci\u00f3n y comunicaciones relativas a tu compra o a la prestaci\u00f3n de nuestro servicio, mientras duren las garant\u00edas de los productos o servicios, para atender posibles reclamaciones.<br \/>\nEn cada tratamiento o tipolog\u00eda de datos, te facilitamos un periodo espec\u00edfico, que puedes consultar en la siguiente tabla:<\/p>\n<p>CLASIFICACION PLAZO<br \/>\nCLIENTES 5 a\u00f1os posteriores a la p\u00e9rdida de la condici\u00f3n de cliente.<br \/>\nPROVEEDORES 5 a\u00f1os posteriores a la p\u00e9rdida de la condici\u00f3n de cliente.<br \/>\nDEMANDANTES DE EMPLEO 6 meses, salvo autorizaci\u00f3n expresa de la persona demandante.<br \/>\nARCHIVOS DE VIDEOVIGILANCIA 6 meses.<br \/>\nCONTACTO EN REDES SOCIALES Durante el periodo que el usuario decida.<\/p>\n","protected":false},"excerpt":{"rendered":"<p>En cumplimiento de la L.O. 3\/2018, de 5 de diciembre de Protecci\u00f3n de datos Personales y garant\u00eda de los derechos digitales se establece la siguiente pol\u00edtica de privacidad. \u00bfQui\u00e9n es el responsable del tratamiento de tus datos? Inversiones Factoria Kreativa S.L. B 93310845 Domicilio: C\/ Casares, n\u00ba34, 29004, M\u00e1laga. Mail: info@zienideas.com Puedes dirigirte de cualquier [&hellip;]<\/p>\n","protected":false},"author":1,"featured_media":0,"parent":0,"menu_order":0,"comment_status":"closed","ping_status":"closed","template":"","meta":{"footnotes":""},"class_list":["post-733","page","type-page","status-publish","hentry"],"_links":{"self":[{"href":"https:\/\/kitdigitall.es\/p\/wp-json\/wp\/v2\/pages\/733","targetHints":{"allow":["GET"]}}],"collection":[{"href":"https:\/\/kitdigitall.es\/p\/wp-json\/wp\/v2\/pages"}],"about":[{"href":"https:\/\/kitdigitall.es\/p\/wp-json\/wp\/v2\/types\/page"}],"author":[{"embeddable":true,"href":"https:\/\/kitdigitall.es\/p\/wp-json\/wp\/v2\/users\/1"}],"replies":[{"embeddable":true,"href":"https:\/\/kitdigitall.es\/p\/wp-json\/wp\/v2\/comments?post=733"}],"version-history":[{"count":0,"href":"https:\/\/kitdigitall.es\/p\/wp-json\/wp\/v2\/pages\/733\/revisions"}],"wp:attachment":[{"href":"https:\/\/kitdigitall.es\/p\/wp-json\/wp\/v2\/media?parent=733"}],"curies":[{"name":"wp","href":"https:\/\/api.w.org\/{rel}","templated":true}]}}